{"id":61,"date":"2020-09-25T08:55:35","date_gmt":"2020-09-25T08:55:35","guid":{"rendered":"https:\/\/womo4us.de\/?page_id=61"},"modified":"2020-09-25T14:27:19","modified_gmt":"2020-09-25T14:27:19","slug":"aussenausstattung","status":"publish","type":"page","link":"https:\/\/womo4us.de\/?page_id=61","title":{"rendered":"Au\u00dfenausstattung"},"content":{"rendered":"\n<p>Bei der Au\u00dfenausstattung haben wir bis auf die im Kit Deluxe Paket enthaltenen Merkmale (Nebel-Scheinwerfer, K\u00fchlergrill + Scheinwerferrand schwarz, Fahrerhausscheiben get\u00f6nt, Wohnraumscheiben get\u00f6nt, Fenster inkl. Kombirollo in Heckt\u00fcr links, Einstiegsstufe elektrisch, Einstiegsbeleuchtung, Abwassertank isoliert und beheizbar), nur noch eine Thule Markise, die lackierten Sto\u00dff\u00e4nger vorne, eine 100 Watt Solarzelle auf dem Dach, das Dometic Cam35 R\u00fcckfahrkamerasystem und die Anh\u00e4ngerkupplung genommen.<\/p>\n\n\n\n<p><strong>Medien auf Youtube<\/strong><br>Wer sich unseren SGX mal von au\u00dfen anschauen m\u00f6chte, kann dies \u00fcber den unteren Link gerne machen.<\/p>\n\n\n\n<div class=\"wp-block-image is-style-rounded\"><figure class=\"alignleft size-large is-resized\"><a href=\"https:\/\/www.youtube.com\/watch?v=yaRMhUQ7X_Y&amp;t=32s\" target=\"_blank\" rel=\"noopener noreferrer\"><img loading=\"lazy\" src=\"https:\/\/womo4us.de\/wp-content\/uploads\/2020\/09\/Logo_rund-1.png\" alt=\"\" class=\"wp-image-98\" width=\"84\" height=\"84\" srcset=\"https:\/\/womo4us.de\/wp-content\/uploads\/2020\/09\/Logo_rund-1.png 709w, https:\/\/womo4us.de\/wp-content\/uploads\/2020\/09\/Logo_rund-1-300x300.png 300w, https:\/\/womo4us.de\/wp-content\/uploads\/2020\/09\/Logo_rund-1-150x150.png 150w\" sizes=\"(max-width: 84px) 100vw, 84px\" \/><\/a><\/figure><\/div>\n\n\n\n<p class=\"has-small-font-size\"><br><br><br>Unser Womo von au\u00dfen<\/p>\n","protected":false},"excerpt":{"rendered":"<p>Bei der Au\u00dfenausstattung haben wir bis auf die im Kit Deluxe Paket enthaltenen Merkmale (Nebel-Scheinwerfer, K\u00fchlergrill + Scheinwerferrand schwarz, Fahrerhausscheiben get\u00f6nt, Wohnraumscheiben get\u00f6nt, Fenster inkl. Kombirollo in Heckt\u00fcr links, Einstiegsstufe elektrisch, Einstiegsbeleuchtung, Abwassertank isoliert und beheizbar), nur noch eine Thule Markise, die lackierten Sto\u00dff\u00e4nger vorne, eine 100 Watt Solarzelle auf dem Dach, das Dometic Cam35&hellip;&nbsp;<a href=\"https:\/\/womo4us.de\/?page_id=61\" class=\"\" rel=\"bookmark\">Weiterlesen &raquo;<span class=\"screen-reader-text\">Au\u00dfenausstattung<\/span><\/a><\/p>\n","protected":false},"author":1,"featured_media":0,"parent":0,"menu_order":0,"comment_status":"closed","ping_status":"closed","template":"","meta":{"neve_meta_sidebar":"full-width","neve_meta_container":"","neve_meta_enable_content_width":"on","neve_meta_content_width":100,"neve_meta_title_alignment":"","neve_meta_author_avatar":"","neve_post_elements_order":"","neve_meta_disable_header":"","neve_meta_disable_footer":"","neve_meta_disable_title":""},"_links":{"self":[{"href":"https:\/\/womo4us.de\/index.php?rest_route=\/wp\/v2\/pages\/61"}],"collection":[{"href":"https:\/\/womo4us.de\/index.php?rest_route=\/wp\/v2\/pages"}],"about":[{"href":"https:\/\/womo4us.de\/index.php?rest_route=\/wp\/v2\/types\/page"}],"author":[{"embeddable":true,"href":"https:\/\/womo4us.de\/index.php?rest_route=\/wp\/v2\/users\/1"}],"replies":[{"embeddable":true,"href":"https:\/\/womo4us.de\/index.php?rest_route=%2Fwp%2Fv2%2Fcomments&post=61"}],"version-history":[{"count":5,"href":"https:\/\/womo4us.de\/index.php?rest_route=\/wp\/v2\/pages\/61\/revisions"}],"predecessor-version":[{"id":197,"href":"https:\/\/womo4us.de\/index.php?rest_route=\/wp\/v2\/pages\/61\/revisions\/197"}],"wp:attachment":[{"href":"https:\/\/womo4us.de\/index.php?rest_route=%2Fwp%2Fv2%2Fmedia&parent=61"}],"curies":[{"name":"wp","href":"https:\/\/api.w.org\/{rel}","templated":true}]}}