{"id":49,"date":"2020-09-22T12:33:59","date_gmt":"2020-09-22T12:33:59","guid":{"rendered":"https:\/\/womo4us.de\/?page_id=49"},"modified":"2020-09-25T14:26:05","modified_gmt":"2020-09-25T14:26:05","slug":"unser-fahrzeug","status":"publish","type":"page","link":"https:\/\/womo4us.de\/?page_id=49","title":{"rendered":"Unser Fahrzeug"},"content":{"rendered":"\n<p><strong>Adria Twin Supreme 640 SGX 2020<\/strong><\/p>\n\n\n\n<p>Wir haben uns im September 2019 das Fahrzeug auf der Messe in D\u00fcssendorf angeschaut und dort auch gleich bestellt. <\/p>\n\n\n\n<p>Auf Grund der doch eher schlechten wei\u00dfen Farbe, die Fiat liefern soll, haben wir uns f\u00fcr grau metallic entschieden. Die Farbe steht dem Fahrzeug, da man hier auch die Folierung besser wahrnimmt und: es wird nicht so hei\u00df!<\/p>\n\n\n\n<p>Als Motorisierung entschieden wir uns f\u00fcr den 2.3 160 PS Motor. Wir wollen haupts\u00e4chlich reisen und nicht rasen, dennoch wollten wir genug Leistung zur Verf\u00fcgung haben, um unser Boot ohne Probleme ziehen zu k\u00f6nnen.<\/p>\n\n\n\n<p>Des Weiteren haben wir auch das Maxi Fahrwerk mit den 16 Zoll Alufelgen bestellt.<\/p>\n\n\n\n<p>Ein weiteren Punkt, der uns wichtig war, ist die Neuwagenanschlussgarantie \u00fcber weitere 2 Jahre. Wir hoffen, dass wir diese nicht ben\u00f6tigen werden.<\/p>\n\n\n\n<p>Geliefert werden sollte das Fahrzeug Ende M\u00e4rz \/ Anfang April, leider kam Corona dazwischen und es wurde Ende Juli! \ud83d\ude41<\/p>\n","protected":false},"excerpt":{"rendered":"<p>Adria Twin Supreme 640 SGX 2020 Wir haben uns im September 2019 das Fahrzeug auf der Messe in D\u00fcssendorf angeschaut und dort auch gleich bestellt. Auf Grund der doch eher schlechten wei\u00dfen Farbe, die Fiat liefern soll, haben wir uns f\u00fcr grau metallic entschieden. Die Farbe steht dem Fahrzeug, da man hier auch die Folierung&hellip;&nbsp;<a href=\"https:\/\/womo4us.de\/?page_id=49\" class=\"\" rel=\"bookmark\">Weiterlesen &raquo;<span class=\"screen-reader-text\">Unser Fahrzeug<\/span><\/a><\/p>\n","protected":false},"author":1,"featured_media":0,"parent":0,"menu_order":0,"comment_status":"closed","ping_status":"closed","template":"","meta":{"neve_meta_sidebar":"full-width","neve_meta_container":"","neve_meta_enable_content_width":"on","neve_meta_content_width":100,"neve_meta_title_alignment":"","neve_meta_author_avatar":"","neve_post_elements_order":"","neve_meta_disable_header":"","neve_meta_disable_footer":"","neve_meta_disable_title":""},"_links":{"self":[{"href":"https:\/\/womo4us.de\/index.php?rest_route=\/wp\/v2\/pages\/49"}],"collection":[{"href":"https:\/\/womo4us.de\/index.php?rest_route=\/wp\/v2\/pages"}],"about":[{"href":"https:\/\/womo4us.de\/index.php?rest_route=\/wp\/v2\/types\/page"}],"author":[{"embeddable":true,"href":"https:\/\/womo4us.de\/index.php?rest_route=\/wp\/v2\/users\/1"}],"replies":[{"embeddable":true,"href":"https:\/\/womo4us.de\/index.php?rest_route=%2Fwp%2Fv2%2Fcomments&post=49"}],"version-history":[{"count":10,"href":"https:\/\/womo4us.de\/index.php?rest_route=\/wp\/v2\/pages\/49\/revisions"}],"predecessor-version":[{"id":196,"href":"https:\/\/womo4us.de\/index.php?rest_route=\/wp\/v2\/pages\/49\/revisions\/196"}],"wp:attachment":[{"href":"https:\/\/womo4us.de\/index.php?rest_route=%2Fwp%2Fv2%2Fmedia&parent=49"}],"curies":[{"name":"wp","href":"https:\/\/api.w.org\/{rel}","templated":true}]}}