{"id":30,"date":"2020-09-22T12:14:06","date_gmt":"2020-09-22T12:14:06","guid":{"rendered":"https:\/\/womo4us.de\/?page_id=30"},"modified":"2020-09-22T12:43:36","modified_gmt":"2020-09-22T12:43:36","slug":"home","status":"publish","type":"page","link":"https:\/\/womo4us.de\/","title":{"rendered":"Wir berg\u00fc\u00dfen euch auf Womo4Us"},"content":{"rendered":"\n<p>Mit der Webseite womo4us.de versuchen wir, die Erfahrungen und Erlebnisse auf unseren Touren zu teilen, nicht nur ausschlie\u00dflich f\u00fcr Camper und Wohnmobilisten, sondern f\u00fcr jeden, der Lust auf neue Eindr\u00fccke und andere St\u00e4dte\/L\u00e4nder hat.<\/p>\n\n\n\n<p>Vielleicht bekommen ja einige Lust, die Orte selber zu entdecken!<\/p>\n\n\n\n<p>Wir sind zu dritt mit einem Adria Twin Supreme 640 SGX unterwegs, ein Van deshalb, um flexibel zu sein und der Sonne hinterher zu reisen! Dabei wollen wir die Orte und die Stimmungen selbst und nicht uns in den Mittelpunkt stellen, also: nicht wundern, dass wir eher im Hintergrund bleiben!<\/p>\n\n\n\n<p>Wir w\u00fcnschen allen viel Spa\u00df beim Schauen unserer Reiseberichte!<\/p>\n","protected":false},"excerpt":{"rendered":"<p>Mit der Webseite womo4us.de versuchen wir, die Erfahrungen und Erlebnisse auf unseren Touren zu teilen, nicht nur ausschlie\u00dflich f\u00fcr Camper und Wohnmobilisten, sondern f\u00fcr jeden, der Lust auf neue Eindr\u00fccke und andere St\u00e4dte\/L\u00e4nder hat. Vielleicht bekommen ja einige Lust, die Orte selber zu entdecken! Wir sind zu dritt mit einem Adria Twin Supreme 640 SGX&hellip;&nbsp;<a href=\"https:\/\/womo4us.de\/\" class=\"\" rel=\"bookmark\">Weiterlesen &raquo;<span class=\"screen-reader-text\">Wir berg\u00fc\u00dfen euch auf Womo4Us<\/span><\/a><\/p>\n","protected":false},"author":1,"featured_media":0,"parent":0,"menu_order":0,"comment_status":"closed","ping_status":"closed","template":"","meta":{"neve_meta_sidebar":"","neve_meta_container":"","neve_meta_enable_content_width":"","neve_meta_content_width":0,"neve_meta_title_alignment":"","neve_meta_author_avatar":"","neve_post_elements_order":"","neve_meta_disable_header":"","neve_meta_disable_footer":"","neve_meta_disable_title":""},"_links":{"self":[{"href":"https:\/\/womo4us.de\/index.php?rest_route=\/wp\/v2\/pages\/30"}],"collection":[{"href":"https:\/\/womo4us.de\/index.php?rest_route=\/wp\/v2\/pages"}],"about":[{"href":"https:\/\/womo4us.de\/index.php?rest_route=\/wp\/v2\/types\/page"}],"author":[{"embeddable":true,"href":"https:\/\/womo4us.de\/index.php?rest_route=\/wp\/v2\/users\/1"}],"replies":[{"embeddable":true,"href":"https:\/\/womo4us.de\/index.php?rest_route=%2Fwp%2Fv2%2Fcomments&post=30"}],"version-history":[{"count":4,"href":"https:\/\/womo4us.de\/index.php?rest_route=\/wp\/v2\/pages\/30\/revisions"}],"predecessor-version":[{"id":47,"href":"https:\/\/womo4us.de\/index.php?rest_route=\/wp\/v2\/pages\/30\/revisions\/47"}],"wp:attachment":[{"href":"https:\/\/womo4us.de\/index.php?rest_route=%2Fwp%2Fv2%2Fmedia&parent=30"}],"curies":[{"name":"wp","href":"https:\/\/api.w.org\/{rel}","templated":true}]}}